{"id":326,"date":"2021-04-08T15:21:04","date_gmt":"2021-04-08T15:21:04","guid":{"rendered":"http:\/\/vrhr.mmaya.gob.bo\/?page_id=326"},"modified":"2021-04-16T16:09:15","modified_gmt":"2021-04-16T16:09:15","slug":"video","status":"publish","type":"page","link":"https:\/\/vrhr.mmaya.gob.bo\/index.php\/video\/","title":{"rendered":"Video"},"content":{"rendered":"<div class=\"fusion-fullwidth fullwidth-box fusion-builder-row-1 nonhundred-percent-fullwidth non-hundred-percent-height-scrolling\"  style='background-color: #ffffff;background-position: center center;background-repeat: no-repeat;padding-top:0px;padding-right:0px;padding-bottom:0px;padding-left:0px;'><div class=\"fusion-builder-row fusion-row \"><div  class=\"fusion-layout-column fusion_builder_column fusion_builder_column_1_1 fusion-builder-column-0 fusion-one-full fusion-column-first fusion-column-last 1_1\"  style='margin-top:0px;margin-bottom:20px;'><div class=\"fusion-column-wrapper\" style=\"padding: 0px 0px 0px 0px;background-position:left top;background-repeat:no-repeat;-webkit-background-size:cover;-moz-background-size:cover;-o-background-size:cover;background-size:cover;\"   data-bg-url=\"\"><div class=\"fusion-clearfix\"><\/div><\/div><\/div><div  class=\"fusion-layout-column fusion_builder_column fusion_builder_column_1_4 fusion-builder-column-1 fusion-one-fourth fusion-column-first 1_4\"  style='margin-top:0px;margin-bottom:20px;width:25%;width:calc(25% - ( ( 4% + 4% ) * 0.25 ) );margin-right: 4%;'><div class=\"fusion-column-wrapper\" style=\"padding: 0px 0px 0px 0px;background-position:left top;background-repeat:no-repeat;-webkit-background-size:cover;-moz-background-size:cover;-o-background-size:cover;background-size:cover;\"   data-bg-url=\"\"><div class=\"fusion-clearfix\"><\/div><\/div><\/div><div  class=\"fusion-layout-column fusion_builder_column fusion_builder_column_1_2 fusion-builder-column-2 fusion-one-half 1_2\"  style='margin-top:0px;margin-bottom:20px;width:50%;width:calc(50% - ( ( 4% + 4% ) * 0.5 ) );margin-right: 4%;'><div class=\"fusion-column-wrapper\" style=\"padding: 0px 0px 0px 0px;background-position:left top;background-repeat:no-repeat;-webkit-background-size:cover;-moz-background-size:cover;-o-background-size:cover;background-size:cover;\"   data-bg-url=\"\"><div class=\"fusion-text\"><h2 class=\"fusion-responsive-typography-calculated\" style=\"text-align: center;\" data-fontsize=\"33\" data-lineheight=\"47.85px\"><strong>VIDEOS<\/strong><\/h2>\n<h2 style=\"text-align: center;\"><strong>\u00a0<\/strong><\/h2>\n<\/div><div class=\"fusion-clearfix\"><\/div><\/div><\/div><div  class=\"fusion-layout-column fusion_builder_column fusion_builder_column_1_4 fusion-builder-column-3 fusion-one-fourth fusion-column-last 1_4\"  style='margin-top:0px;margin-bottom:20px;width:25%;width:calc(25% - ( ( 4% + 4% ) * 0.25 ) );'><div class=\"fusion-column-wrapper\" style=\"padding: 0px 0px 0px 0px;background-position:left top;background-repeat:no-repeat;-webkit-background-size:cover;-moz-background-size:cover;-o-background-size:cover;background-size:cover;\"   data-bg-url=\"\"><div class=\"fusion-clearfix\"><\/div><\/div><\/div><div  class=\"fusion-layout-column fusion_builder_column fusion_builder_column_1_1 fusion-builder-column-4 fusion-one-full fusion-column-first fusion-column-last 1_1\"  style='margin-top:0px;margin-bottom:20px;'><div class=\"fusion-column-wrapper\" style=\"padding: 0px 0px 0px 0px;background-position:left top;background-repeat:no-repeat;-webkit-background-size:cover;-moz-background-size:cover;-o-background-size:cover;background-size:cover;\"   data-bg-url=\"\">\n<div id=\"ayg-10578929f4976cad30766d8e32ddc131\" class=\"ayg ayg-theme-classic\" data-params='{\"uid\":\"10578929f4976cad30766d8e32ddc131\",\"autoplay\":0,\"loop\":0,\"controls\":1,\"modestbranding\":1,\"cc_load_policy\":0,\"iv_load_policy\":0,\"hl\":\"\",\"cc_lang_pref\":\"\",\"autoadvance\":0,\"player_title\":1,\"player_description\":1}'>\n    <!-- Player -->\n    <div class=\"ayg-player\">\n        <div class=\"ayg-player-wrapper\" style=\"padding-bottom: 56.25%;\">\n            <iframe loading=\"lazy\" id=\"ayg-player-10578929f4976cad30766d8e32ddc131\" class=\"ayg-player-iframe\" width=\"100%\" height=\"100%\" src=\"https:\/\/www.youtube.com\/embed\/8WIb2Ic116M\" data-id=\"8WIb2Ic116M\" frameborder=\"0\" allow=\"accelerometer; autoplay; encrypted-media; gyroscope; picture-in-picture\" allowfullscreen><\/iframe>        <\/div>\n\n        <div class=\"ayg-player-caption\">\n                \n                <h2 class=\"ayg-player-title\">Juan Bota Todo<\/h2>  \n            \n                    <\/div>\n    <\/div>\n\n    <!-- Gallery -->\n    <div class=\"ayg-gallery ayg-row\">\n                    <div class=\"ayg-item ayg-active ayg-col ayg-col-3\">\n                \n<div class=\"ayg-thumbnail\" data-id=\"8WIb2Ic116M\" data-title=\"Juan Bota Todo\" data-url=\"\">\n    <div class=\"ayg-thumbnail-image-wrapper\">\n                <img decoding=\"async\" src=\"data:image\/gif;base64,R0lGODlhAQABAAAAACH5BAEKAAEALAAAAAABAAEAAAICTAEAOw==\" data-orig-src=\"https:\/\/i.ytimg.com\/vi\/8WIb2Ic116M\/mqdefault.jpg\" class=\"lazyload ayg-thumbnail-image\" alt=\"Juan Bota Todo\" \/>\n\n        <svg class=\"ayg-icon ayg-thumbnail-icon-play\" width=\"32\" height=\"32\" viewBox=\"0 0 32 32\" fill=\"#fff\">\n            <path d=\"M16 0c-8.837 0-16 7.163-16 16s7.163 16 16 16 16-7.163 16-16-7.163-16-16-16zM16 29c-7.18 0-13-5.82-13-13s5.82-13 13-13 13 5.82 13 13-5.82 13-13 13zM12 9l12 7-12 7z\"><\/path>\n        <\/svg>\n\n        <div class=\"ayg-thumbnail-active\" style=\"display: none;\">active<\/div>\n    <\/div>\n\n    <div class=\"ayg-thumbnail-caption\">\n         \n            <div class=\"ayg-thumbnail-title\">Juan Bota Todo<\/div>\n         \n\n        \n            <\/div>           \n<\/div>            <\/div>\n                    <div class=\"ayg-item ayg-col ayg-col-3\">\n                \n<div class=\"ayg-thumbnail\" data-id=\"1NfNRSQ6yI4\" data-title=\"Mariquita y Orlandito\" data-url=\"\">\n    <div class=\"ayg-thumbnail-image-wrapper\">\n                <img decoding=\"async\" src=\"data:image\/gif;base64,R0lGODlhAQABAAAAACH5BAEKAAEALAAAAAABAAEAAAICTAEAOw==\" data-orig-src=\"https:\/\/i.ytimg.com\/vi\/1NfNRSQ6yI4\/mqdefault.jpg\" class=\"lazyload ayg-thumbnail-image\" alt=\"Mariquita y Orlandito\" \/>\n\n        <svg class=\"ayg-icon ayg-thumbnail-icon-play\" width=\"32\" height=\"32\" viewBox=\"0 0 32 32\" fill=\"#fff\">\n            <path d=\"M16 0c-8.837 0-16 7.163-16 16s7.163 16 16 16 16-7.163 16-16-7.163-16-16-16zM16 29c-7.18 0-13-5.82-13-13s5.82-13 13-13 13 5.82 13 13-5.82 13-13 13zM12 9l12 7-12 7z\"><\/path>\n        <\/svg>\n\n        <div class=\"ayg-thumbnail-active\" style=\"display: none;\">active<\/div>\n    <\/div>\n\n    <div class=\"ayg-thumbnail-caption\">\n         \n            <div class=\"ayg-thumbnail-title\">Mariquita y Orlandito<\/div>\n         \n\n        \n            <\/div>           \n<\/div>            <\/div>\n                    <div class=\"ayg-item ayg-col ayg-col-3\">\n                \n<div class=\"ayg-thumbnail\" data-id=\"zNHUP4zF5c4\" data-title=\"Mariquita, la cochinita\" data-url=\"\">\n    <div class=\"ayg-thumbnail-image-wrapper\">\n                <img decoding=\"async\" src=\"data:image\/gif;base64,R0lGODlhAQABAAAAACH5BAEKAAEALAAAAAABAAEAAAICTAEAOw==\" data-orig-src=\"https:\/\/i.ytimg.com\/vi\/zNHUP4zF5c4\/mqdefault.jpg\" class=\"lazyload ayg-thumbnail-image\" alt=\"Mariquita, la cochinita\" \/>\n\n        <svg class=\"ayg-icon ayg-thumbnail-icon-play\" width=\"32\" height=\"32\" viewBox=\"0 0 32 32\" fill=\"#fff\">\n            <path d=\"M16 0c-8.837 0-16 7.163-16 16s7.163 16 16 16 16-7.163 16-16-7.163-16-16-16zM16 29c-7.18 0-13-5.82-13-13s5.82-13 13-13 13 5.82 13 13-5.82 13-13 13zM12 9l12 7-12 7z\"><\/path>\n        <\/svg>\n\n        <div class=\"ayg-thumbnail-active\" style=\"display: none;\">active<\/div>\n    <\/div>\n\n    <div class=\"ayg-thumbnail-caption\">\n         \n            <div class=\"ayg-thumbnail-title\">Mariquita, la cochinita<\/div>\n         \n\n        \n            <\/div>           \n<\/div>            <\/div>\n                    <div class=\"ayg-item ayg-col ayg-col-3\">\n                \n<div class=\"ayg-thumbnail\" data-id=\"Alv5Q6beLFc\" data-title=\"Suri y Chapu ense\u00f1an a plantar arbolito\" data-url=\"\">\n    <div class=\"ayg-thumbnail-image-wrapper\">\n                <img decoding=\"async\" src=\"data:image\/gif;base64,R0lGODlhAQABAAAAACH5BAEKAAEALAAAAAABAAEAAAICTAEAOw==\" data-orig-src=\"https:\/\/i.ytimg.com\/vi\/Alv5Q6beLFc\/mqdefault.jpg\" class=\"lazyload ayg-thumbnail-image\" alt=\"Suri y Chapu ense\u00f1an a plantar arbolito\" \/>\n\n        <svg class=\"ayg-icon ayg-thumbnail-icon-play\" width=\"32\" height=\"32\" viewBox=\"0 0 32 32\" fill=\"#fff\">\n            <path d=\"M16 0c-8.837 0-16 7.163-16 16s7.163 16 16 16 16-7.163 16-16-7.163-16-16-16zM16 29c-7.18 0-13-5.82-13-13s5.82-13 13-13 13 5.82 13 13-5.82 13-13 13zM12 9l12 7-12 7z\"><\/path>\n        <\/svg>\n\n        <div class=\"ayg-thumbnail-active\" style=\"display: none;\">active<\/div>\n    <\/div>\n\n    <div class=\"ayg-thumbnail-caption\">\n         \n            <div class=\"ayg-thumbnail-title\">Suri y Chapu ense\u00f1an a plantar arbolito<\/div>\n         \n\n                    <div class=\"ayg-thumbnail-excerpt\">Suri y Chapu ense\u00f1an a plantar arbolito<\/div>\n        \n          \n            <div class=\"ayg-thumbnail-description\" style=\"display: none;\">Suri y Chapu ense\u00f1an a plantar arbolito<\/div>\n            <\/div>           \n<\/div>            <\/div>\n                    <div class=\"ayg-item ayg-col ayg-col-3\">\n                \n<div class=\"ayg-thumbnail\" data-id=\"m8fcqmHEsyc\" data-title=\"01 Spot concurso E CAV\" data-url=\"\">\n    <div class=\"ayg-thumbnail-image-wrapper\">\n                <img decoding=\"async\" src=\"data:image\/gif;base64,R0lGODlhAQABAAAAACH5BAEKAAEALAAAAAABAAEAAAICTAEAOw==\" data-orig-src=\"https:\/\/i.ytimg.com\/vi\/m8fcqmHEsyc\/mqdefault.jpg\" class=\"lazyload ayg-thumbnail-image\" alt=\"01 Spot concurso E CAV\" \/>\n\n        <svg class=\"ayg-icon ayg-thumbnail-icon-play\" width=\"32\" height=\"32\" viewBox=\"0 0 32 32\" fill=\"#fff\">\n            <path d=\"M16 0c-8.837 0-16 7.163-16 16s7.163 16 16 16 16-7.163 16-16-7.163-16-16-16zM16 29c-7.18 0-13-5.82-13-13s5.82-13 13-13 13 5.82 13 13-5.82 13-13 13zM12 9l12 7-12 7z\"><\/path>\n        <\/svg>\n\n        <div class=\"ayg-thumbnail-active\" style=\"display: none;\">active<\/div>\n    <\/div>\n\n    <div class=\"ayg-thumbnail-caption\">\n         \n            <div class=\"ayg-thumbnail-title\">01 Spot concurso E CAV<\/div>\n         \n\n                    <div class=\"ayg-thumbnail-excerpt\">Spot concurso E CAV<\/div>\n        \n          \n            <div class=\"ayg-thumbnail-description\" style=\"display: none;\">Spot concurso E CAV<\/div>\n            <\/div>           \n<\/div>            <\/div>\n                    <div class=\"ayg-item ayg-col ayg-col-3\">\n                \n<div class=\"ayg-thumbnail\" data-id=\"cRS2VVP9Xhs\" data-title=\"APOYO DEL GOBERNADOR DE COCHABAMBA HUMBERTO SANCHEZ\" data-url=\"\">\n    <div class=\"ayg-thumbnail-image-wrapper\">\n                <img decoding=\"async\" src=\"data:image\/gif;base64,R0lGODlhAQABAAAAACH5BAEKAAEALAAAAAABAAEAAAICTAEAOw==\" data-orig-src=\"https:\/\/i.ytimg.com\/vi\/cRS2VVP9Xhs\/mqdefault.jpg\" class=\"lazyload ayg-thumbnail-image\" alt=\"APOYO DEL GOBERNADOR DE COCHABAMBA HUMBERTO SANCHEZ\" \/>\n\n        <svg class=\"ayg-icon ayg-thumbnail-icon-play\" width=\"32\" height=\"32\" viewBox=\"0 0 32 32\" fill=\"#fff\">\n            <path d=\"M16 0c-8.837 0-16 7.163-16 16s7.163 16 16 16 16-7.163 16-16-7.163-16-16-16zM16 29c-7.18 0-13-5.82-13-13s5.82-13 13-13 13 5.82 13 13-5.82 13-13 13zM12 9l12 7-12 7z\"><\/path>\n        <\/svg>\n\n        <div class=\"ayg-thumbnail-active\" style=\"display: none;\">active<\/div>\n    <\/div>\n\n    <div class=\"ayg-thumbnail-caption\">\n         \n            <div class=\"ayg-thumbnail-title\">APOYO DEL GOBERNADOR DE COCHABAMBA HUMBERTO SANCHEZ<\/div>\n         \n\n                    <div class=\"ayg-thumbnail-excerpt\">AGRADECEMOS LAS PALABRAS DEL HERMANO GOBERNADOR DE COCHABAMBA QUE NOS ...<\/div>\n        \n          \n            <div class=\"ayg-thumbnail-description\" style=\"display: none;\">AGRADECEMOS LAS PALABRAS DEL HERMANO GOBERNADOR DE COCHABAMBA QUE NOS COMPROMETE A SEGUIR FIRMES EN EL TRABAJO POR EL DESARROLLO PRODUCTIVO DEL PA\u00cdS.<\/div>\n            <\/div>           \n<\/div>            <\/div>\n                    <div class=\"ayg-item ayg-col ayg-col-3\">\n                \n<div class=\"ayg-thumbnail\" data-id=\"lxnsieg_AHA\" data-title=\"En este \ud835\udfcf\ud835\udfd7\ud835\udfd5 \ud835\udc00\ud835\udc27\ud835\udc22\ud835\udc2f\ud835\udc1e\ud835\udc2b\ud835\udc2c\ud835\udc1a\ud835\udc2b\ud835\udc22\ud835\udc28 \ud835\udc1d\ud835\udc1e \ud835\udc25\ud835\udc1a \ud835\udc08\ud835\udc27\ud835\udc1d\ud835\udc1e\ud835\udc29\ud835\udc1e\ud835\udc27\ud835\udc1d\ud835\udc1e\ud835\udc27\ud835\udc1c\ud835\udc22\ud835\udc1a \ud835\udc1d\ud835\udc1e \ud835\udc27\ud835\udc2e\ud835\udc1e\ud835\udc2c\ud835\udc2d\ud835\udc2b\ud835\udc28 \ud835\udc04\ud835\udc2c\ud835\udc2d\ud835\udc1a\ud835\udc1d\ud835\udc28 \ud835\udc0f\ud835\udc25\ud835\udc2e\ud835\udc2b\ud835\udc22\ud835\udc27\ud835\udc1a\ud835\udc1c\ud835\udc22\ud835\udc28\ud835\udc27\ud835\udc1a\ud835\udc25 \ud835\udc1d\ud835\udc1e \ud835\udc01\ud835\udc28\ud835\udc25\ud835\udc22\ud835\udc2f\ud835\udc22\ud835\udc1a\" data-url=\"\">\n    <div class=\"ayg-thumbnail-image-wrapper\">\n                <img decoding=\"async\" src=\"data:image\/gif;base64,R0lGODlhAQABAAAAACH5BAEKAAEALAAAAAABAAEAAAICTAEAOw==\" data-orig-src=\"https:\/\/i.ytimg.com\/vi\/lxnsieg_AHA\/mqdefault.jpg\" class=\"lazyload ayg-thumbnail-image\" alt=\"En este \ud835\udfcf\ud835\udfd7\ud835\udfd5 \ud835\udc00\ud835\udc27\ud835\udc22\ud835\udc2f\ud835\udc1e\ud835\udc2b\ud835\udc2c\ud835\udc1a\ud835\udc2b\ud835\udc22\ud835\udc28 \ud835\udc1d\ud835\udc1e \ud835\udc25\ud835\udc1a \ud835\udc08\ud835\udc27\ud835\udc1d\ud835\udc1e\ud835\udc29\ud835\udc1e\ud835\udc27\ud835\udc1d\ud835\udc1e\ud835\udc27\ud835\udc1c\ud835\udc22\ud835\udc1a \ud835\udc1d\ud835\udc1e \ud835\udc27\ud835\udc2e\ud835\udc1e\ud835\udc2c\ud835\udc2d\ud835\udc2b\ud835\udc28 \ud835\udc04\ud835\udc2c\ud835\udc2d\ud835\udc1a\ud835\udc1d\ud835\udc28 \ud835\udc0f\ud835\udc25\ud835\udc2e\ud835\udc2b\ud835\udc22\ud835\udc27\ud835\udc1a\ud835\udc1c\ud835\udc22\ud835\udc28\ud835\udc27\ud835\udc1a\ud835\udc25 \ud835\udc1d\ud835\udc1e \ud835\udc01\ud835\udc28\ud835\udc25\ud835\udc22\ud835\udc2f\ud835\udc22\ud835\udc1a\" \/>\n\n        <svg class=\"ayg-icon ayg-thumbnail-icon-play\" width=\"32\" height=\"32\" viewBox=\"0 0 32 32\" fill=\"#fff\">\n            <path d=\"M16 0c-8.837 0-16 7.163-16 16s7.163 16 16 16 16-7.163 16-16-7.163-16-16-16zM16 29c-7.18 0-13-5.82-13-13s5.82-13 13-13 13 5.82 13 13-5.82 13-13 13zM12 9l12 7-12 7z\"><\/path>\n        <\/svg>\n\n        <div class=\"ayg-thumbnail-active\" style=\"display: none;\">active<\/div>\n    <\/div>\n\n    <div class=\"ayg-thumbnail-caption\">\n         \n            <div class=\"ayg-thumbnail-title\">En este \ud835\udfcf\ud835\udfd7\ud835\udfd5 \ud835\udc00\ud835\udc27\ud835\udc22\ud835\udc2f\ud835\udc1e\ud835\udc2b\ud835\udc2c\ud835\udc1a\ud835\udc2b\ud835\udc22\ud835\udc28 \ud835\udc1d\ud835\udc1e \ud835\udc25\ud835\udc1a \ud835\udc08\ud835\udc27\ud835\udc1d\ud835\udc1e\ud835\udc29\ud835\udc1e\ud835\udc27\ud835\udc1d\ud835\udc1e\ud835\udc27\ud835\udc1c\ud835\udc22\ud835\udc1a \ud835\udc1d\ud835\udc1e \ud835\udc27\ud835\udc2e\ud835\udc1e\ud835\udc2c\ud835\udc2d\ud835\udc2b\ud835\udc28 \ud835\udc04\ud835\udc2c\ud835\udc2d\ud835\udc1a\ud835\udc1d\ud835\udc28 \ud835\udc0f\ud835\udc25\ud835\udc2e\ud835\udc2b\ud835\udc22\ud835\udc27\ud835\udc1a\ud835\udc1c\ud835\udc22\ud835\udc28\ud835\udc27\ud835\udc1a\ud835\udc25 \ud835\udc1d\ud835\udc1e \ud835\udc01\ud835\udc28\ud835\udc25\ud835\udc22\ud835\udc2f\ud835\udc22\ud835\udc1a<\/div>\n         \n\n                    <div class=\"ayg-thumbnail-excerpt\">Luego de la recuperaci\u00f3n de la democracia, gracias a m\u00e1s del 55% del ...<\/div>\n        \n          \n            <div class=\"ayg-thumbnail-description\" style=\"display: none;\"><span class=\"ayg-player-description-less\">Luego de la recuperaci\u00f3n de la democracia, gracias a m\u00e1s del 55% del voto de nuestros hermanos y hermanas del campo y la ciudad, nuestro Presidente Constitucional Lucho Arce y <span class=\"ayg-player-description-dots\">...<\/span><\/span><span class=\"ayg-player-description-more\">Vicepresidente David Choquehuanca, desde el inicio de su gesti\u00f3n responden con riego para la producci\u00f3n. Por ello, reivindicamos el trabajo desde y para todas las regiones de nuestro estado.<\/span><a href=\"void(0);\" class=\"ayg-player-description-toggle-btn\">[+] Show More<\/a><\/div>\n            <\/div>           \n<\/div>            <\/div>\n                    <div class=\"ayg-item ayg-col ayg-col-3\">\n                \n<div class=\"ayg-thumbnail\" data-id=\"HfBK0i1ticQ\" data-title=\"VRHR realiza inspecci\u00f3n del r\u00edo Katari\" data-url=\"\">\n    <div class=\"ayg-thumbnail-image-wrapper\">\n                <img decoding=\"async\" src=\"data:image\/gif;base64,R0lGODlhAQABAAAAACH5BAEKAAEALAAAAAABAAEAAAICTAEAOw==\" data-orig-src=\"https:\/\/i.ytimg.com\/vi\/HfBK0i1ticQ\/mqdefault.jpg\" class=\"lazyload ayg-thumbnail-image\" alt=\"VRHR realiza inspecci\u00f3n del r\u00edo Katari\" \/>\n\n        <svg class=\"ayg-icon ayg-thumbnail-icon-play\" width=\"32\" height=\"32\" viewBox=\"0 0 32 32\" fill=\"#fff\">\n            <path d=\"M16 0c-8.837 0-16 7.163-16 16s7.163 16 16 16 16-7.163 16-16-7.163-16-16-16zM16 29c-7.18 0-13-5.82-13-13s5.82-13 13-13 13 5.82 13 13-5.82 13-13 13zM12 9l12 7-12 7z\"><\/path>\n        <\/svg>\n\n        <div class=\"ayg-thumbnail-active\" style=\"display: none;\">active<\/div>\n    <\/div>\n\n    <div class=\"ayg-thumbnail-caption\">\n         \n            <div class=\"ayg-thumbnail-title\">VRHR realiza inspecci\u00f3n del r\u00edo Katari<\/div>\n         \n\n                    <div class=\"ayg-thumbnail-excerpt\">El Ministerio de Medio Ambiente y Agua, a trav\u00e9s del Viceministerio de ...<\/div>\n        \n          \n            <div class=\"ayg-thumbnail-description\" style=\"display: none;\"><span class=\"ayg-player-description-less\">El Ministerio de Medio Ambiente y Agua, a trav\u00e9s del Viceministerio de Recursos H\u00eddricos y Riego realiz\u00f3 la inspecci\u00f3n de la calidad de agua del r\u00edo Katari, en el marco <span class=\"ayg-player-description-dots\">...<\/span><\/span><span class=\"ayg-player-description-more\">del \"Plan Director de la Cuenca Katari y Lago Menor del Titicaca\".<\/span><a href=\"void(0);\" class=\"ayg-player-description-toggle-btn\">[+] Show More<\/a><\/div>\n            <\/div>           \n<\/div>            <\/div>\n            <\/div>\n\n    <!-- Pagination -->    \n    <\/div>\n<div class=\"fusion-clearfix\"><\/div><\/div><\/div><\/div><\/div><style type=\"text\/css\">.fusion-fullwidth.fusion-builder-row-1 a:not(.fusion-button):not(.fusion-builder-module-control):not(.fusion-social-network-icon):not(.fb-icon-element):not(.fusion-countdown-link):not(.fusion-rollover-link):not(.fusion-rollover-gallery):not(.fusion-button-bar):not(.add_to_cart_button):not(.show_details_button):not(.product_type_external):not(.fusion-quick-view):not(.fusion-rollover-title-link):not(.fusion-breadcrumb-link) , .fusion-fullwidth.fusion-builder-row-1 a:not(.fusion-button):not(.fusion-builder-module-control):not(.fusion-social-network-icon):not(.fb-icon-element):not(.fusion-countdown-link):not(.fusion-rollover-link):not(.fusion-rollover-gallery):not(.fusion-button-bar):not(.add_to_cart_button):not(.show_details_button):not(.product_type_external):not(.fusion-quick-view):not(.fusion-rollover-title-link):not(.fusion-breadcrumb-link):before, .fusion-fullwidth.fusion-builder-row-1 a:not(.fusion-button):not(.fusion-builder-module-control):not(.fusion-social-network-icon):not(.fb-icon-element):not(.fusion-countdown-link):not(.fusion-rollover-link):not(.fusion-rollover-gallery):not(.fusion-button-bar):not(.add_to_cart_button):not(.show_details_button):not(.product_type_external):not(.fusion-quick-view):not(.fusion-rollover-title-link):not(.fusion-breadcrumb-link):after {color: #333333;}.fusion-fullwidth.fusion-builder-row-1 a:not(.fusion-button):not(.fusion-builder-module-control):not(.fusion-social-network-icon):not(.fb-icon-element):not(.fusion-countdown-link):not(.fusion-rollover-link):not(.fusion-rollover-gallery):not(.fusion-button-bar):not(.add_to_cart_button):not(.show_details_button):not(.product_type_external):not(.fusion-quick-view):not(.fusion-rollover-title-link):not(.fusion-breadcrumb-link):hover, .fusion-fullwidth.fusion-builder-row-1 a:not(.fusion-button):not(.fusion-builder-module-control):not(.fusion-social-network-icon):not(.fb-icon-element):not(.fusion-countdown-link):not(.fusion-rollover-link):not(.fusion-rollover-gallery):not(.fusion-button-bar):not(.add_to_cart_button):not(.show_details_button):not(.product_type_external):not(.fusion-quick-view):not(.fusion-rollover-title-link):not(.fusion-breadcrumb-link):hover:before, .fusion-fullwidth.fusion-builder-row-1 a:not(.fusion-button):not(.fusion-builder-module-control):not(.fusion-social-network-icon):not(.fb-icon-element):not(.fusion-countdown-link):not(.fusion-rollover-link):not(.fusion-rollover-gallery):not(.fusion-button-bar):not(.add_to_cart_button):not(.show_details_button):not(.product_type_external):not(.fusion-quick-view):not(.fusion-rollover-title-link):not(.fusion-breadcrumb-link):hover:after {color: #4564a5;}.fusion-fullwidth.fusion-builder-row-1 .pagination a.inactive:hover, .fusion-fullwidth.fusion-builder-row-1 .fusion-filters .fusion-filter.fusion-active a {border-color: #4564a5;}.fusion-fullwidth.fusion-builder-row-1 .pagination .current {border-color: #4564a5; background-color: #4564a5;}.fusion-fullwidth.fusion-builder-row-1 .fusion-filters .fusion-filter.fusion-active a, .fusion-fullwidth.fusion-builder-row-1 .fusion-date-and-formats .fusion-format-box, .fusion-fullwidth.fusion-builder-row-1 .fusion-popover, .fusion-fullwidth.fusion-builder-row-1 .tooltip-shortcode {color: #4564a5;}#main .fusion-fullwidth.fusion-builder-row-1 .post .blog-shortcode-post-title a:hover {color: #4564a5;}<\/style>\n","protected":false},"excerpt":{"rendered":"","protected":false},"author":1,"featured_media":0,"parent":0,"menu_order":0,"comment_status":"closed","ping_status":"closed","template":"","meta":{"footnotes":""},"_links":{"self":[{"href":"https:\/\/vrhr.mmaya.gob.bo\/index.php\/wp-json\/wp\/v2\/pages\/326"}],"collection":[{"href":"https:\/\/vrhr.mmaya.gob.bo\/index.php\/wp-json\/wp\/v2\/pages"}],"about":[{"href":"https:\/\/vrhr.mmaya.gob.bo\/index.php\/wp-json\/wp\/v2\/types\/page"}],"author":[{"embeddable":true,"href":"https:\/\/vrhr.mmaya.gob.bo\/index.php\/wp-json\/wp\/v2\/users\/1"}],"replies":[{"embeddable":true,"href":"https:\/\/vrhr.mmaya.gob.bo\/index.php\/wp-json\/wp\/v2\/comments?post=326"}],"version-history":[{"count":5,"href":"https:\/\/vrhr.mmaya.gob.bo\/index.php\/wp-json\/wp\/v2\/pages\/326\/revisions"}],"predecessor-version":[{"id":335,"href":"https:\/\/vrhr.mmaya.gob.bo\/index.php\/wp-json\/wp\/v2\/pages\/326\/revisions\/335"}],"wp:attachment":[{"href":"https:\/\/vrhr.mmaya.gob.bo\/index.php\/wp-json\/wp\/v2\/media?parent=326"}],"curies":[{"name":"wp","href":"https:\/\/api.w.org\/{rel}","templated":true}]}}