{"id":45,"date":"2021-03-03T14:06:01","date_gmt":"2021-03-03T14:06:01","guid":{"rendered":"http:\/\/vrhr.mmaya.gob.bo\/?page_id=45"},"modified":"2021-03-03T20:47:45","modified_gmt":"2021-03-03T20:47:45","slug":"objetivo-de-la-direccion-general-de-cuencas-y-recursos-hidricos","status":"publish","type":"page","link":"https:\/\/vrhr.mmaya.gob.bo\/index.php\/objetivo-de-la-direccion-general-de-cuencas-y-recursos-hidricos\/","title":{"rendered":"Direcci\u00f3n General de Cuencas y Recursos H\u00eddricos"},"content":{"rendered":"<p><div class=\"fusion-fullwidth fullwidth-box fusion-builder-row-1 nonhundred-percent-fullwidth non-hundred-percent-height-scrolling\"  style='background-color: #ffffff;background-position: center center;background-repeat: no-repeat;padding-top:0px;padding-right:0px;padding-bottom:0px;padding-left:0px;'><div class=\"fusion-builder-row fusion-row \"><div  class=\"fusion-layout-column fusion_builder_column fusion_builder_column_1_1 fusion-builder-column-0 fusion-one-full fusion-column-first fusion-column-last 1_1\"  style='margin-top:0px;margin-bottom:20px;'><div class=\"fusion-column-wrapper\" style=\"padding: 0px 0px 0px 0px;background-position:left top;background-repeat:no-repeat;-webkit-background-size:cover;-moz-background-size:cover;-o-background-size:cover;background-size:cover;\"   data-bg-url=\"\"><div class=\"fusion-clearfix\"><\/div><\/div><\/div><div  class=\"fusion-layout-column fusion_builder_column fusion_builder_column_1_4 fusion-builder-column-1 fusion-one-fourth fusion-column-first 1_4\"  style='margin-top:0px;margin-bottom:20px;width:25%;width:calc(25% - ( ( 4% + 4% ) * 0.25 ) );margin-right: 4%;'><div class=\"fusion-column-wrapper\" style=\"padding: 0px 0px 0px 0px;background-position:left top;background-repeat:no-repeat;-webkit-background-size:cover;-moz-background-size:cover;-o-background-size:cover;background-size:cover;\"   data-bg-url=\"\"><div class=\"fusion-clearfix\"><\/div><\/div><\/div><div  class=\"fusion-layout-column fusion_builder_column fusion_builder_column_1_2 fusion-builder-column-2 fusion-one-half 1_2\"  style='margin-top:0px;margin-bottom:20px;width:50%;width:calc(50% - ( ( 4% + 4% ) * 0.5 ) );margin-right: 4%;'><div class=\"fusion-column-wrapper\" style=\"padding: 0px 0px 0px 0px;background-position:left top;background-repeat:no-repeat;-webkit-background-size:cover;-moz-background-size:cover;-o-background-size:cover;background-size:cover;\"   data-bg-url=\"\"><div class=\"fusion-text\"><h2 class=\"fusion-responsive-typography-calculated\" style=\"text-align: center;\" data-fontsize=\"33\" data-lineheight=\"47.85px\"><strong>Objetivo de la <\/strong><strong>Direcci\u00f3n General de Cuencas y Recursos H\u00eddricos<\/strong><\/h2>\n<h2 class=\"fusion-responsive-typography-calculated\" style=\"text-align: center;\" data-fontsize=\"33\" data-lineheight=\"47.85px\"><strong>\u00a0<\/strong><\/h2>\n<h2 style=\"text-align: center;\"><strong>\u00a0<\/strong><\/h2>\n<\/div><div class=\"fusion-sep-clear\"><\/div><div class=\"fusion-separator fusion-no-medium-visibility fusion-full-width-sep sep-double\" style=\"border-color:#e0dede;border-top-width:1px;border-bottom-width:1px;margin-left: auto;margin-right: auto;margin-top:;\"><\/div><div class=\"fusion-text\"><p style=\"text-align: center;\">Dirigir, supervisar y coordinar las actividades t\u00e9cnicas, operativas, administrativas de la Direcci\u00f3n General de Cuencas y Recursos H\u00eddricos; formular propuestas e implementar pol\u00edticas, estrategias, planes, programas e instrumentos normativos para la Gesti\u00f3n Integral de los Recursos H\u00eddricos y el Manejo Integral de Cuencas en el pa\u00eds; as\u00ed como ejecutar y cumplir los reglamentos, instructivos, circulares y \u00f3rdenes.<\/p>\n<\/div><div class=\"fusion-clearfix\"><\/div><\/div><\/div><div  class=\"fusion-layout-column fusion_builder_column fusion_builder_column_1_4 fusion-builder-column-3 fusion-one-fourth fusion-column-last 1_4\"  style='margin-top:0px;margin-bottom:20px;width:25%;width:calc(25% - ( ( 4% + 4% ) * 0.25 ) );'><div class=\"fusion-column-wrapper\" style=\"padding: 0px 0px 0px 0px;background-position:left top;background-repeat:no-repeat;-webkit-background-size:cover;-moz-background-size:cover;-o-background-size:cover;background-size:cover;\"   data-bg-url=\"\"><div class=\"fusion-clearfix\"><\/div><\/div><\/div><\/div><\/div><style type=\"text\/css\">.fusion-fullwidth.fusion-builder-row-1 a:not(.fusion-button):not(.fusion-builder-module-control):not(.fusion-social-network-icon):not(.fb-icon-element):not(.fusion-countdown-link):not(.fusion-rollover-link):not(.fusion-rollover-gallery):not(.fusion-button-bar):not(.add_to_cart_button):not(.show_details_button):not(.product_type_external):not(.fusion-quick-view):not(.fusion-rollover-title-link):not(.fusion-breadcrumb-link) , .fusion-fullwidth.fusion-builder-row-1 a:not(.fusion-button):not(.fusion-builder-module-control):not(.fusion-social-network-icon):not(.fb-icon-element):not(.fusion-countdown-link):not(.fusion-rollover-link):not(.fusion-rollover-gallery):not(.fusion-button-bar):not(.add_to_cart_button):not(.show_details_button):not(.product_type_external):not(.fusion-quick-view):not(.fusion-rollover-title-link):not(.fusion-breadcrumb-link):before, .fusion-fullwidth.fusion-builder-row-1 a:not(.fusion-button):not(.fusion-builder-module-control):not(.fusion-social-network-icon):not(.fb-icon-element):not(.fusion-countdown-link):not(.fusion-rollover-link):not(.fusion-rollover-gallery):not(.fusion-button-bar):not(.add_to_cart_button):not(.show_details_button):not(.product_type_external):not(.fusion-quick-view):not(.fusion-rollover-title-link):not(.fusion-breadcrumb-link):after {color: #333333;}.fusion-fullwidth.fusion-builder-row-1 a:not(.fusion-button):not(.fusion-builder-module-control):not(.fusion-social-network-icon):not(.fb-icon-element):not(.fusion-countdown-link):not(.fusion-rollover-link):not(.fusion-rollover-gallery):not(.fusion-button-bar):not(.add_to_cart_button):not(.show_details_button):not(.product_type_external):not(.fusion-quick-view):not(.fusion-rollover-title-link):not(.fusion-breadcrumb-link):hover, .fusion-fullwidth.fusion-builder-row-1 a:not(.fusion-button):not(.fusion-builder-module-control):not(.fusion-social-network-icon):not(.fb-icon-element):not(.fusion-countdown-link):not(.fusion-rollover-link):not(.fusion-rollover-gallery):not(.fusion-button-bar):not(.add_to_cart_button):not(.show_details_button):not(.product_type_external):not(.fusion-quick-view):not(.fusion-rollover-title-link):not(.fusion-breadcrumb-link):hover:before, .fusion-fullwidth.fusion-builder-row-1 a:not(.fusion-button):not(.fusion-builder-module-control):not(.fusion-social-network-icon):not(.fb-icon-element):not(.fusion-countdown-link):not(.fusion-rollover-link):not(.fusion-rollover-gallery):not(.fusion-button-bar):not(.add_to_cart_button):not(.show_details_button):not(.product_type_external):not(.fusion-quick-view):not(.fusion-rollover-title-link):not(.fusion-breadcrumb-link):hover:after {color: #4564a5;}.fusion-fullwidth.fusion-builder-row-1 .pagination a.inactive:hover, .fusion-fullwidth.fusion-builder-row-1 .fusion-filters .fusion-filter.fusion-active a {border-color: #4564a5;}.fusion-fullwidth.fusion-builder-row-1 .pagination .current {border-color: #4564a5; background-color: #4564a5;}.fusion-fullwidth.fusion-builder-row-1 .fusion-filters .fusion-filter.fusion-active a, .fusion-fullwidth.fusion-builder-row-1 .fusion-date-and-formats .fusion-format-box, .fusion-fullwidth.fusion-builder-row-1 .fusion-popover, .fusion-fullwidth.fusion-builder-row-1 .tooltip-shortcode {color: #4564a5;}#main .fusion-fullwidth.fusion-builder-row-1 .post .blog-shortcode-post-title a:hover {color: #4564a5;}<\/style><div class=\"fusion-fullwidth fullwidth-box fusion-builder-row-2 nonhundred-percent-fullwidth non-hundred-percent-height-scrolling\"  style='background-color: #ffffff;background-position: center center;background-repeat: no-repeat;padding-top:0px;padding-right:0px;padding-bottom:0px;padding-left:0px;'><div class=\"fusion-builder-row fusion-row \"><div  class=\"fusion-layout-column fusion_builder_column fusion_builder_column_1_1 fusion-builder-column-4 fusion-one-full fusion-column-first fusion-column-last 1_1\"  style='margin-top:0px;margin-bottom:40px;'><div class=\"fusion-column-wrapper fusion-column-has-shadow\" style=\"border-top:4px solid #4564a5;overflow:hidden;border-radius:6px 0px 0px 0px;box-shadow:0px 25px 20px 0px ;;padding: 40px 40px 10px 40px;background-position:left top;background-repeat:no-repeat;-webkit-background-size:cover;-moz-background-size:cover;-o-background-size:cover;background-size:cover;border-radius:6px 0px 0px 0px;\"   data-bg-url=\"\"><div class=\"fusion-builder-row fusion-builder-row-inner fusion-row \"><div  class=\"fusion-layout-column fusion_builder_column fusion_builder_column_1_1 fusion-builder-nested-column-1 fusion-one-full fusion-column-first fusion-column-last 1_1\"  style='margin-top: 0px;margin-bottom: 20px;'>\n\t\t\t\t\t<div class=\"fusion-column-wrapper fusion-column-wrapper-1\" style=\"padding: 0px 0px 0px 0px;background-position:left top;background-repeat:no-repeat;-webkit-background-size:cover;-moz-background-size:cover;-o-background-size:cover;background-size:cover;\" data-bg-url=\"\">\n\t\t\t\t\t\t<style type=\"text\/css\"><\/style><div class=\"fusion-title title fusion-title-1 fusion-title-text fusion-title-size-one\" style=\"margin-top:0px;margin-bottom:30px;\"><h1 class=\"title-heading-left\" style=\"margin:0;\"><h2 class=\"fusion-responsive-typography-calculated\" style=\"text-align: center;\" data-fontsize=\"33\" data-lineheight=\"47.85px\">Funciones y atribuciones espec\u00edficas<\/h2><\/h1><div class=\"title-sep-container\"><div class=\"title-sep sep-double sep-solid\" style=\"border-color:#e0dede;\"><\/div><\/div><\/div><ul class=\"fusion-checklist fusion-checklist-1\" style=\"font-size:14px;line-height:23.8px;\"><li class=\"fusion-li-item\"><span style=\"background-color:#1a80b6;font-size:12.32px;height:23.8px;width:23.8px;margin-right:9.8px;\" class=\"icon-wrapper circle-yes\"><i class=\"fusion-li-icon fa fa-check\" style=\"color:#ffffff;\"><\/i><\/span><div class=\"fusion-li-item-content\" style=\"margin-left:33.6px;\">\n<p>Contribuir a formular y ejecutar una pol\u00edtica integral de los recursos h\u00eddricos para garantizar el derecho humano de acceso al agua y el desarrollo integral, protegiendo, preservando el ambiente de las cuencas, y respetando la pluriculturalidad.<\/p>\n<\/div><\/li><li class=\"fusion-li-item\"><span style=\"background-color:#1a80b6;font-size:12.32px;height:23.8px;width:23.8px;margin-right:9.8px;\" class=\"icon-wrapper circle-yes\"><i class=\"fusion-li-icon fa fa-check\" style=\"color:#ffffff;\"><\/i><\/span><div class=\"fusion-li-item-content\" style=\"margin-left:33.6px;\">\n<p>Formular propuestas e impulsar pol\u00edticas, estrategias, planes, programas e instrumentos para la gesti\u00f3n de cuencas y recursos h\u00eddricos, en todos sus estados superficiales y subterr\u00e1neos, que permita la conservaci\u00f3n, reducci\u00f3n de la contaminaci\u00f3n h\u00eddrica, reducci\u00f3n a la vulnerabilidad y adaptaci\u00f3n a los cambios clim\u00e1ticos y eventos extremos, manejo, uso y aprovechamiento sustentable de las cuencas y el agua, en coordinaci\u00f3n con los diferentes actores involucrados en las cuencas hidrogr\u00e1ficas, respetando los usos y costumbres.<\/p>\n<\/div><\/li><li class=\"fusion-li-item\"><span style=\"background-color:#1a80b6;font-size:12.32px;height:23.8px;width:23.8px;margin-right:9.8px;\" class=\"icon-wrapper circle-yes\"><i class=\"fusion-li-icon fa fa-check\" style=\"color:#ffffff;\"><\/i><\/span><div class=\"fusion-li-item-content\" style=\"margin-left:33.6px;\">\n<p>Desarrollar, proponer, supervisar el cumplimiento de normas t\u00e9cnicas, instrumentos de gesti\u00f3n, disposiciones reglamentarias e instructivas para la gesti\u00f3n integrada de cuencas y recursos h\u00eddricos, manejo y uso de aguas internacionales, aguas subterr\u00e1neas, usos multisectoriales con el enfoque de cuencas.<\/p>\n<\/div><\/li><li class=\"fusion-li-item\"><span style=\"background-color:#1a80b6;font-size:12.32px;height:23.8px;width:23.8px;margin-right:9.8px;\" class=\"icon-wrapper circle-yes\"><i class=\"fusion-li-icon fa fa-check\" style=\"color:#ffffff;\"><\/i><\/span><div class=\"fusion-li-item-content\" style=\"margin-left:33.6px;\">\n<p>Proponer por conducto regular proyectos de ley y otras disposiciones para la gesti\u00f3n integral de cuencas y recursos h\u00eddricos.<\/p>\n<\/div><\/li><li class=\"fusion-li-item\"><span style=\"background-color:#1a80b6;font-size:12.32px;height:23.8px;width:23.8px;margin-right:9.8px;\" class=\"icon-wrapper circle-yes\"><i class=\"fusion-li-icon fa fa-check\" style=\"color:#ffffff;\"><\/i><\/span><div class=\"fusion-li-item-content\" style=\"margin-left:33.6px;\">\n<p>Gestionar financiamiento para la implementaci\u00f3n de programas, proyectos y acciones de conservaci\u00f3n y manejo de cuencas, estudios integrados de aguas subterr\u00e1neas y cuencas transfronterizas, as\u00ed como acciones integrales de fortalecimiento y desarrollo institucional, enmarcados en la pol\u00edtica del Viceministerio de Recursos H\u00eddricos y Riego \u2013 MMAyA.<\/p>\n<\/div><\/li><li class=\"fusion-li-item\"><span style=\"background-color:#1a80b6;font-size:12.32px;height:23.8px;width:23.8px;margin-right:9.8px;\" class=\"icon-wrapper circle-yes\"><i class=\"fusion-li-icon fa fa-check\" style=\"color:#ffffff;\"><\/i><\/span><div class=\"fusion-li-item-content\" style=\"margin-left:33.6px;\">\n<p>Proyectar y fortalecer el marco institucional descentralizado y local de gesti\u00f3n integral de cuencas y recursos h\u00eddricos.<\/p>\n<\/div><\/li><li class=\"fusion-li-item\"><span style=\"background-color:#1a80b6;font-size:12.32px;height:23.8px;width:23.8px;margin-right:9.8px;\" class=\"icon-wrapper circle-yes\"><i class=\"fusion-li-icon fa fa-check\" style=\"color:#ffffff;\"><\/i><\/span><div class=\"fusion-li-item-content\" style=\"margin-left:33.6px;\">\n<p>Supervisar el cumplimiento de los acuerdos suscritos y decisiones adoptadas que est\u00e9n relacionados con cuencas transfronterizas y recursos h\u00eddricos compartidos en coordinaci\u00f3n con el Ministerio de Relaciones Exteriores.<\/p>\n<\/div><\/li><li class=\"fusion-li-item\"><span style=\"background-color:#1a80b6;font-size:12.32px;height:23.8px;width:23.8px;margin-right:9.8px;\" class=\"icon-wrapper circle-yes\"><i class=\"fusion-li-icon fa fa-check\" style=\"color:#ffffff;\"><\/i><\/span><div class=\"fusion-li-item-content\" style=\"margin-left:33.6px;\">\n<p>Apoyar t\u00e9cnicamente al Ministerio de Relaciones Exteriores para formular propuestas y posiciones t\u00e9cnicas en materia de cuencas y recursos h\u00eddricos transfronterizos, en el marco de las comisiones nacionales. Binacionales y trinacionales.<\/p>\n<\/div><\/li><li class=\"fusion-li-item\"><span style=\"background-color:#1a80b6;font-size:12.32px;height:23.8px;width:23.8px;margin-right:9.8px;\" class=\"icon-wrapper circle-yes\"><i class=\"fusion-li-icon fa fa-check\" style=\"color:#ffffff;\"><\/i><\/span><div class=\"fusion-li-item-content\" style=\"margin-left:33.6px;\">\n<p>Contribuir a controlar, fiscalizar e impulsar acciones legales ante las autoridades competentes en los casos de contaminaci\u00f3n de agua que afecten a la sociedad, as\u00ed como aplicar sanciones de car\u00e1cter administrativo.<\/p>\n<\/div><\/li><li class=\"fusion-li-item\"><span style=\"background-color:#1a80b6;font-size:12.32px;height:23.8px;width:23.8px;margin-right:9.8px;\" class=\"icon-wrapper circle-yes\"><i class=\"fusion-li-icon fa fa-check\" style=\"color:#ffffff;\"><\/i><\/span><div class=\"fusion-li-item-content\" style=\"margin-left:33.6px;\">\n<p>Facilitar, concertar, alinear y supervisar competencias en materia de gesti\u00f3n de cuencas y recursos h\u00eddricos con las gobernaciones, municipios y otras entidades auton\u00f3micas.<\/p>\n<\/div><\/li><li class=\"fusion-li-item\"><span style=\"background-color:#1a80b6;font-size:12.32px;height:23.8px;width:23.8px;margin-right:9.8px;\" class=\"icon-wrapper circle-yes\"><i class=\"fusion-li-icon fa fa-check\" style=\"color:#ffffff;\"><\/i><\/span><div class=\"fusion-li-item-content\" style=\"margin-left:33.6px;\">\n<p>Desarrollar y aplicar un sistema de informaci\u00f3n y la gesti\u00f3n del conocimiento en materia de cuencas y aguas, como instrumento de gesti\u00f3n de las Cuencas y Recursos H\u00eddricos.<\/p>\n<\/div><\/li><li class=\"fusion-li-item\"><span style=\"background-color:#1a80b6;font-size:12.32px;height:23.8px;width:23.8px;margin-right:9.8px;\" class=\"icon-wrapper circle-yes\"><i class=\"fusion-li-icon fa fa-check\" style=\"color:#ffffff;\"><\/i><\/span><div class=\"fusion-li-item-content\" style=\"margin-left:33.6px;\">\n<p>Promover espacios de di\u00e1logo y concertaci\u00f3n de los distintos usos de aprovechamiento del agua, en coordinaci\u00f3n con los actores institucionales y sociales involucrados.<\/p>\n<\/div><\/li><li class=\"fusion-li-item\"><span style=\"background-color:#1a80b6;font-size:12.32px;height:23.8px;width:23.8px;margin-right:9.8px;\" class=\"icon-wrapper circle-yes\"><i class=\"fusion-li-icon fa fa-check\" style=\"color:#ffffff;\"><\/i><\/span><div class=\"fusion-li-item-content\" style=\"margin-left:33.6px;\">\n<p>Formular e implementar el Plan de Acci\u00f3n Nacional de Lucha contra la Desertificaci\u00f3n y Mitigaci\u00f3n de la Sequ\u00eda.<\/p>\n<\/div><\/li><li class=\"fusion-li-item\"><span style=\"background-color:#1a80b6;font-size:12.32px;height:23.8px;width:23.8px;margin-right:9.8px;\" class=\"icon-wrapper circle-yes\"><i class=\"fusion-li-icon fa fa-check\" style=\"color:#ffffff;\"><\/i><\/span><div class=\"fusion-li-item-content\" style=\"margin-left:33.6px;\">\n<p>Promover el cumplimiento de la normativa concerniente al aprovechamiento y explotaci\u00f3n de \u00e1ridos y agregados.<\/p>\n<\/div><\/li><li class=\"fusion-li-item\"><span style=\"background-color:#1a80b6;font-size:12.32px;height:23.8px;width:23.8px;margin-right:9.8px;\" class=\"icon-wrapper circle-yes\"><i class=\"fusion-li-icon fa fa-check\" style=\"color:#ffffff;\"><\/i><\/span><div class=\"fusion-li-item-content\" style=\"margin-left:33.6px;\">\n<p>Promover la gesti\u00f3n de riesgos en materia de los recursos h\u00eddricos con el enfoque de cuencas, considerando mecanismos y pr\u00e1cticas de respuesta a los eventos extremos y medidas de adaptaci\u00f3n a los cambios clim\u00e1ticos.<\/p>\n<\/div><\/li><li class=\"fusion-li-item\"><span style=\"background-color:#1a80b6;font-size:12.32px;height:23.8px;width:23.8px;margin-right:9.8px;\" class=\"icon-wrapper circle-yes\"><i class=\"fusion-li-icon fa fa-check\" style=\"color:#ffffff;\"><\/i><\/span><div class=\"fusion-li-item-content\" style=\"margin-left:33.6px;\">\n<p>Dirigir, coordinar y supervisar las actividades t\u00e9cnicas y operativas de la Direcci\u00f3n.<\/p>\n<\/div><\/li><li class=\"fusion-li-item\"><span style=\"background-color:#1a80b6;font-size:12.32px;height:23.8px;width:23.8px;margin-right:9.8px;\" class=\"icon-wrapper circle-yes\"><i class=\"fusion-li-icon fa fa-check\" style=\"color:#ffffff;\"><\/i><\/span><div class=\"fusion-li-item-content\" style=\"margin-left:33.6px;\">\n<p>Planificar las actividades de la Direcci\u00f3n, elaborar el POA y verificar el cumplimiento de los POAIs de profesionales y t\u00e9cnicos.<\/p>\n<\/div><\/li><li class=\"fusion-li-item\"><span style=\"background-color:#1a80b6;font-size:12.32px;height:23.8px;width:23.8px;margin-right:9.8px;\" class=\"icon-wrapper circle-yes\"><i class=\"fusion-li-icon fa fa-check\" style=\"color:#ffffff;\"><\/i><\/span><div class=\"fusion-li-item-content\" style=\"margin-left:33.6px;\">\n<p>Realizar seguimiento y evaluaci\u00f3n peri\u00f3dica al cumplimiento de los objetivos de la Direcci\u00f3n, de acuerdo a su planificaci\u00f3n y el POA.<\/p>\n<\/div><\/li><li class=\"fusion-li-item\"><span style=\"background-color:#1a80b6;font-size:12.32px;height:23.8px;width:23.8px;margin-right:9.8px;\" class=\"icon-wrapper circle-yes\"><i class=\"fusion-li-icon fa fa-check\" style=\"color:#ffffff;\"><\/i><\/span><div class=\"fusion-li-item-content\" style=\"margin-left:33.6px;\">\n<p>Apoyar a las funciones del Viceministro(a) de Recursos H\u00eddricos y Riego.<\/p>\n<\/div><\/li><\/ul>\n\n\t\t\t\t\t<\/div>\n\t\t\t\t<\/div><\/div><div class=\"fusion-clearfix\"><\/div><\/div><\/div><\/div><\/div><style type=\"text\/css\">.fusion-fullwidth.fusion-builder-row-2 a:not(.fusion-button):not(.fusion-builder-module-control):not(.fusion-social-network-icon):not(.fb-icon-element):not(.fusion-countdown-link):not(.fusion-rollover-link):not(.fusion-rollover-gallery):not(.fusion-button-bar):not(.add_to_cart_button):not(.show_details_button):not(.product_type_external):not(.fusion-quick-view):not(.fusion-rollover-title-link):not(.fusion-breadcrumb-link) , .fusion-fullwidth.fusion-builder-row-2 a:not(.fusion-button):not(.fusion-builder-module-control):not(.fusion-social-network-icon):not(.fb-icon-element):not(.fusion-countdown-link):not(.fusion-rollover-link):not(.fusion-rollover-gallery):not(.fusion-button-bar):not(.add_to_cart_button):not(.show_details_button):not(.product_type_external):not(.fusion-quick-view):not(.fusion-rollover-title-link):not(.fusion-breadcrumb-link):before, .fusion-fullwidth.fusion-builder-row-2 a:not(.fusion-button):not(.fusion-builder-module-control):not(.fusion-social-network-icon):not(.fb-icon-element):not(.fusion-countdown-link):not(.fusion-rollover-link):not(.fusion-rollover-gallery):not(.fusion-button-bar):not(.add_to_cart_button):not(.show_details_button):not(.product_type_external):not(.fusion-quick-view):not(.fusion-rollover-title-link):not(.fusion-breadcrumb-link):after {color: #333333;}.fusion-fullwidth.fusion-builder-row-2 a:not(.fusion-button):not(.fusion-builder-module-control):not(.fusion-social-network-icon):not(.fb-icon-element):not(.fusion-countdown-link):not(.fusion-rollover-link):not(.fusion-rollover-gallery):not(.fusion-button-bar):not(.add_to_cart_button):not(.show_details_button):not(.product_type_external):not(.fusion-quick-view):not(.fusion-rollover-title-link):not(.fusion-breadcrumb-link):hover, .fusion-fullwidth.fusion-builder-row-2 a:not(.fusion-button):not(.fusion-builder-module-control):not(.fusion-social-network-icon):not(.fb-icon-element):not(.fusion-countdown-link):not(.fusion-rollover-link):not(.fusion-rollover-gallery):not(.fusion-button-bar):not(.add_to_cart_button):not(.show_details_button):not(.product_type_external):not(.fusion-quick-view):not(.fusion-rollover-title-link):not(.fusion-breadcrumb-link):hover:before, .fusion-fullwidth.fusion-builder-row-2 a:not(.fusion-button):not(.fusion-builder-module-control):not(.fusion-social-network-icon):not(.fb-icon-element):not(.fusion-countdown-link):not(.fusion-rollover-link):not(.fusion-rollover-gallery):not(.fusion-button-bar):not(.add_to_cart_button):not(.show_details_button):not(.product_type_external):not(.fusion-quick-view):not(.fusion-rollover-title-link):not(.fusion-breadcrumb-link):hover:after {color: #4564a5;}.fusion-fullwidth.fusion-builder-row-2 .pagination a.inactive:hover, .fusion-fullwidth.fusion-builder-row-2 .fusion-filters .fusion-filter.fusion-active a {border-color: #4564a5;}.fusion-fullwidth.fusion-builder-row-2 .pagination .current {border-color: #4564a5; background-color: #4564a5;}.fusion-fullwidth.fusion-builder-row-2 .fusion-filters .fusion-filter.fusion-active a, .fusion-fullwidth.fusion-builder-row-2 .fusion-date-and-formats .fusion-format-box, .fusion-fullwidth.fusion-builder-row-2 .fusion-popover, .fusion-fullwidth.fusion-builder-row-2 .tooltip-shortcode {color: #4564a5;}#main .fusion-fullwidth.fusion-builder-row-2 .post .blog-shortcode-post-title a:hover {color: #4564a5;}<\/style><\/p>\n","protected":false},"excerpt":{"rendered":"","protected":false},"author":1,"featured_media":0,"parent":0,"menu_order":0,"comment_status":"closed","ping_status":"closed","template":"","meta":{"footnotes":""},"_links":{"self":[{"href":"https:\/\/vrhr.mmaya.gob.bo\/index.php\/wp-json\/wp\/v2\/pages\/45"}],"collection":[{"href":"https:\/\/vrhr.mmaya.gob.bo\/index.php\/wp-json\/wp\/v2\/pages"}],"about":[{"href":"https:\/\/vrhr.mmaya.gob.bo\/index.php\/wp-json\/wp\/v2\/types\/page"}],"author":[{"embeddable":true,"href":"https:\/\/vrhr.mmaya.gob.bo\/index.php\/wp-json\/wp\/v2\/users\/1"}],"replies":[{"embeddable":true,"href":"https:\/\/vrhr.mmaya.gob.bo\/index.php\/wp-json\/wp\/v2\/comments?post=45"}],"version-history":[{"count":5,"href":"https:\/\/vrhr.mmaya.gob.bo\/index.php\/wp-json\/wp\/v2\/pages\/45\/revisions"}],"predecessor-version":[{"id":133,"href":"https:\/\/vrhr.mmaya.gob.bo\/index.php\/wp-json\/wp\/v2\/pages\/45\/revisions\/133"}],"wp:attachment":[{"href":"https:\/\/vrhr.mmaya.gob.bo\/index.php\/wp-json\/wp\/v2\/media?parent=45"}],"curies":[{"name":"wp","href":"https:\/\/api.w.org\/{rel}","templated":true}]}}